{"id":871,"date":"2017-10-20T06:10:04","date_gmt":"2017-10-20T06:10:04","guid":{"rendered":"https:\/\/alumnipf.me\/?page_id=871"},"modified":"2026-03-19T13:15:28","modified_gmt":"2026-03-19T13:15:28","slug":"events","status":"publish","type":"page","link":"https:\/\/alumnipf.me\/en\/events\/","title":{"rendered":"Doga\u0111aji"},"content":{"rendered":"<div data-elementor-type=\"wp-page\" data-elementor-id=\"871\" class=\"elementor elementor-871\" data-elementor-post-type=\"page\">\n\t\t\t\t\t\t<section class=\"elementor-section elementor-top-section elementor-element elementor-element-007d551 elementor-section-boxed elementor-section-height-default elementor-section-height-default wpr-particle-no wpr-jarallax-no wpr-parallax-no wpr-sticky-section-no\" data-id=\"007d551\" data-element_type=\"section\" data-e-type=\"section\">\n\t\t\t\t\t\t<div class=\"elementor-container elementor-column-gap-default\">\n\t\t\t\t\t<div class=\"elementor-column elementor-col-100 elementor-top-column elementor-element elementor-element-08dddb0\" data-id=\"08dddb0\" data-element_type=\"column\" data-e-type=\"column\">\n\t\t\t<div class=\"elementor-widget-wrap elementor-element-populated\">\n\t\t\t\t\t\t<div class=\"elementor-element elementor-element-d2245db elementor-widget elementor-widget-rt-event\" data-id=\"d2245db\" data-element_type=\"widget\" data-e-type=\"widget\" data-widget_type=\"rt-event.default\">\n\t\t\t\t<div class=\"elementor-widget-container\">\n\t\t\t\t\t<div class=\"rt-vc-event rt-vc-event-grid rt-event-block-wrapper\">\n\t        <div class=\"row auto-clear\">\n\t\t\t\t\t\t\t                <div class=\"col-lg-6 col-md-6 col-xs-12\">\n                    <div class=\"media rtin-item\">\n                        <div class=\"media-left rtin-calender-holder\">\n                            <div class=\"rtin-calender\">\n                                <h3>30<\/h3>\n                                <p>Mar<\/p>\n                                <span>2026<\/span>\n                            <\/div>\n                        <\/div>\n                        <div class=\"media-body rtin-right\">\n                            <h3><a href=\"https:\/\/alumnipf.me\/en\/event\/program-dv\/\">Program za razvoj digitalnih vje\u0161tina: Odgovorno i bezbjedno u online svijetu<\/a><\/h3>\n                            <p class=\"rtin-content\">Ako \u017eeli\u0161 da nau\u010di\u0161 kako da se bezbjedno i odgovorno kre\u0107e\u0161 kroz digitalni svijet, prepozna\u0161 online prijetnje i pametno koristi\u0161 AI alate \u2013 ovo je prilika za tebe! Alumni akademija Pravnog fakulteta Univerziteta Crne Gore\u00a0poziva&hellip;<\/p>\n                            <ul>\n                                <li class=\"rtin-time\">\n\t\t\t\t\t\t\t\t\t<span class='time-range'><span>17:00<\/span><span>18:00<\/span><\/span>(April 8, 2026)                                <\/li>\n\t\t\t\t\t\t\t\t                            <\/ul>\n                        <\/div>\n                    <\/div>\n                <\/div>\n\t\t\t\t\t\t\t                <div class=\"col-lg-6 col-md-6 col-xs-12\">\n                    <div class=\"media rtin-item\">\n                        <div class=\"media-left rtin-calender-holder\">\n                            <div class=\"rtin-calender\">\n                                <h3>14<\/h3>\n                                <p>May<\/p>\n                                <span>2026<\/span>\n                            <\/div>\n                        <\/div>\n                        <div class=\"media-body rtin-right\">\n                            <h3><a href=\"https:\/\/alumnipf.me\/en\/event\/forum-o-dig-pravima\/\">Forum o digitalnim pravima i sigurnosti na internetu<\/a><\/h3>\n                            <p class=\"rtin-content\">Alumni akademija Pravnog fakulteta Univerziteta Crne Gore, u saradnji sa Pravnim fakultetom i Crnogorskim udru\u017eenjem za me\u0111unarodno pravo, organizuje nau\u010dnu konferenciju \u201eForum o digitalnim pravima i sigurnosti na internetu\u201c, koja \u0107e se odr\u017eati\u00a014. maja 2026.&hellip;<\/p>\n                            <ul>\n                                <li class=\"rtin-time\">\n\t\t\t\t\t\t\t\t\t<span class='time-range'><span>10:00<\/span><span>20:30<\/span><\/span>                                <\/li>\n\t\t\t\t\t\t\t\t                            <\/ul>\n                        <\/div>\n                    <\/div>\n                <\/div>\n\t\t\t\t\t\t                <div class=\"col-sm-12 col-xs-12 mt30\"><\/div>\n\t\t\t        <\/div>\n\t\t<\/div>\t\t\t\t<\/div>\n\t\t\t\t<\/div>\n\t\t\t\t\t<\/div>\n\t\t<\/div>\n\t\t\t\t\t<\/div>\n\t\t<\/section>\n\t\t\t\t<\/div>","protected":false},"excerpt":{"rendered":"<p>31 Oct 2020 CycleBar Uptown Grand Opening Bimply dummy text of the printing and typesetting istryrem Ipsum has been the<\/p>","protected":false},"author":1,"featured_media":0,"parent":0,"menu_order":0,"comment_status":"closed","ping_status":"closed","template":"templates\/blank.php","meta":{"footnotes":""},"class_list":["post-871","page","type-page","status-publish","hentry"],"_links":{"self":[{"href":"https:\/\/alumnipf.me\/en\/wp-json\/wp\/v2\/pages\/871","targetHints":{"allow":["GET"]}}],"collection":[{"href":"https:\/\/alumnipf.me\/en\/wp-json\/wp\/v2\/pages"}],"about":[{"href":"https:\/\/alumnipf.me\/en\/wp-json\/wp\/v2\/types\/page"}],"author":[{"embeddable":true,"href":"https:\/\/alumnipf.me\/en\/wp-json\/wp\/v2\/users\/1"}],"replies":[{"embeddable":true,"href":"https:\/\/alumnipf.me\/en\/wp-json\/wp\/v2\/comments?post=871"}],"version-history":[{"count":3,"href":"https:\/\/alumnipf.me\/en\/wp-json\/wp\/v2\/pages\/871\/revisions"}],"predecessor-version":[{"id":3752,"href":"https:\/\/alumnipf.me\/en\/wp-json\/wp\/v2\/pages\/871\/revisions\/3752"}],"wp:attachment":[{"href":"https:\/\/alumnipf.me\/en\/wp-json\/wp\/v2\/media?parent=871"}],"curies":[{"name":"wp","href":"https:\/\/api.w.org\/{rel}","templated":true}]}}