{"id":3876,"date":"2026-04-06T13:49:33","date_gmt":"2026-04-06T13:49:33","guid":{"rendered":"https:\/\/alumnipf.me\/?page_id=3876"},"modified":"2026-04-07T12:40:42","modified_gmt":"2026-04-07T12:40:42","slug":"registracija","status":"publish","type":"page","link":"https:\/\/alumnipf.me\/en\/registracija\/","title":{"rendered":"Registracija"},"content":{"rendered":"\t\t<div data-elementor-type=\"wp-page\" data-elementor-id=\"3876\" class=\"elementor elementor-3876\" data-elementor-post-type=\"page\">\n\t\t\t\t\t\t<section class=\"elementor-section elementor-top-section elementor-element elementor-element-28a33e8 elementor-section-boxed elementor-section-height-default elementor-section-height-default wpr-particle-no wpr-jarallax-no wpr-parallax-no wpr-sticky-section-no\" data-id=\"28a33e8\" data-element_type=\"section\" data-e-type=\"section\">\n\t\t\t\t\t\t<div class=\"elementor-container elementor-column-gap-default\">\n\t\t\t\t\t<div class=\"elementor-column elementor-col-100 elementor-top-column elementor-element elementor-element-326caba\" data-id=\"326caba\" data-element_type=\"column\" data-e-type=\"column\">\n\t\t\t<div class=\"elementor-widget-wrap elementor-element-populated\">\n\t\t\t\t\t\t<div class=\"elementor-element elementor-element-ceb3085 elementor-widget elementor-widget-text-editor\" data-id=\"ceb3085\" data-element_type=\"widget\" data-e-type=\"widget\" data-widget_type=\"text-editor.default\">\n\t\t\t\t<div class=\"elementor-widget-container\">\n\t\t\t\t\t\t\t\t\t<p>Ukoliko \u017eelite da se registrujete kao alumni \u010dlan na\u0161e organizacije, ispunite formu ispod.<\/p>\t\t\t\t\t\t\t\t<\/div>\n\t\t\t\t<\/div>\n\t\t\t\t<div class=\"elementor-element elementor-element-00788d9 elementor-widget elementor-widget-wpforms\" data-id=\"00788d9\" data-element_type=\"widget\" data-e-type=\"widget\" data-widget_type=\"wpforms.default\">\n\t\t\t\t<div class=\"elementor-widget-container\">\n\t\t\t\t\t<style id=\"wpforms-css-vars-elementor-widget-00788d9\">\n\t\t\t\t.elementor-widget-wpforms.elementor-element-00788d9 {\n\t\t\t\t--wpforms-field-size-input-height: 43px;\n--wpforms-field-size-input-spacing: 15px;\n--wpforms-field-size-font-size: 16px;\n--wpforms-field-size-line-height: 19px;\n--wpforms-field-size-padding-h: 14px;\n--wpforms-field-size-checkbox-size: 16px;\n--wpforms-field-size-sublabel-spacing: 5px;\n--wpforms-field-size-icon-size: 1;\n--wpforms-label-size-font-size: 16px;\n--wpforms-label-size-line-height: 19px;\n--wpforms-label-size-sublabel-font-size: 14px;\n--wpforms-label-size-sublabel-line-height: 17px;\n--wpforms-button-size-font-size: 17px;\n--wpforms-button-size-height: 41px;\n--wpforms-button-size-padding-h: 15px;\n--wpforms-button-size-margin-top: 10px;\n\n\t\t\t}\n\t\t\t<\/style><div class=\"wpforms-container wpforms-container-full wpforms-render-modern\" id=\"wpforms-3867\"><form id=\"wpforms-form-3867\" class=\"wpforms-validate wpforms-form wpforms-ajax-form\" data-formid=\"3867\" method=\"post\" enctype=\"multipart\/form-data\" action=\"\/en\/wp-json\/wp\/v2\/pages\/3876\" data-token=\"28e42c5867ebb3d4010490a92b10d9ed\" data-token-time=\"1777895183\"><noscript class=\"wpforms-error-noscript\">Please enable JavaScript in your browser to complete this form.<\/noscript><div class=\"wpforms-hidden\" id=\"wpforms-error-noscript\">Please enable JavaScript in your browser to complete this form.<\/div><div class=\"wpforms-field-container\"><div id=\"wpforms-3867-field_1-container\" class=\"wpforms-field wpforms-field-name\" data-field-id=\"1\"><fieldset><legend class=\"wpforms-field-label\">Ime i prezime <span class=\"wpforms-required-label\" aria-hidden=\"true\">*<\/span><\/legend><div class=\"wpforms-field-row wpforms-field-large\"><div class=\"wpforms-field-row-block wpforms-first wpforms-one-half\"><input type=\"text\" id=\"wpforms-3867-field_1\" class=\"wpforms-field-name-first wpforms-field-required\" name=\"wpforms[fields][1][first]\" placeholder=\"ime\" aria-errormessage=\"wpforms-3867-field_1-error\" required><label for=\"wpforms-3867-field_1\" class=\"wpforms-field-sublabel after wpforms-sublabel-hide\">First<\/label><\/div><div class=\"wpforms-field-row-block wpforms-one-half\"><input type=\"text\" id=\"wpforms-3867-field_1-last\" class=\"wpforms-field-name-last wpforms-field-required\" name=\"wpforms[fields][1][last]\" placeholder=\"prezime\" aria-errormessage=\"wpforms-3867-field_1-last-error\" required><label for=\"wpforms-3867-field_1-last\" class=\"wpforms-field-sublabel after wpforms-sublabel-hide\">Last<\/label><\/div><\/div><\/fieldset><\/div><div id=\"wpforms-3867-field_4-container\" class=\"wpforms-field wpforms-field-layout\" data-field-id=\"4\"><div class=\"wpforms-field-layout-rows wpforms-field-large\"><div class=\"wpforms-layout-row\"><div class=\"wpforms-layout-column wpforms-layout-column-50\"><div id=\"wpforms-3867-field_2-container\" class=\"wpforms-field wpforms-field-email\" data-field-id=\"2\"><label class=\"wpforms-field-label\" for=\"wpforms-3867-field_2\">Email <span class=\"wpforms-required-label\" aria-hidden=\"true\">*<\/span><\/label><input type=\"email\" id=\"wpforms-3867-field_2\" class=\"wpforms-field-medium wpforms-field-required\" name=\"wpforms[fields][2]\" spellcheck=\"false\" aria-errormessage=\"wpforms-3867-field_2-error\" required><\/div><\/div><div class=\"wpforms-layout-column wpforms-layout-column-50\"><div id=\"wpforms-3867-field_6-container\" class=\"wpforms-field wpforms-field-phone\" data-field-id=\"6\"><label class=\"wpforms-field-label\" for=\"wpforms-3867-field_6\">Kontakt telefon<\/label><input type=\"tel\" id=\"wpforms-3867-field_6\" class=\"wpforms-field-medium\" data-rule-int-phone-field=\"true\" name=\"wpforms[fields][6]\" aria-label=\"Kontakt telefon\" aria-errormessage=\"wpforms-3867-field_6-error\" ><\/div><\/div><\/div><\/div><\/div><div id=\"wpforms-3867-field_7-container\" class=\"wpforms-field wpforms-field-text\" data-field-id=\"7\"><label class=\"wpforms-field-label\" for=\"wpforms-3867-field_7\">Mjesto prebivali\u0161ta (grad\/dr\u017eava)<\/label><input type=\"text\" id=\"wpforms-3867-field_7\" class=\"wpforms-field-large\" name=\"wpforms[fields][7]\" aria-errormessage=\"wpforms-3867-field_7-error\" ><\/div><div id=\"wpforms-3867-field_12-container\" class=\"wpforms-field wpforms-field-text\" data-field-id=\"12\"><label class=\"wpforms-field-label\" for=\"wpforms-3867-field_12\">Oblast stru\u010dnog interesovanja<\/label><input type=\"text\" id=\"wpforms-3867-field_12\" class=\"wpforms-field-large\" name=\"wpforms[fields][12]\" aria-errormessage=\"wpforms-3867-field_12-error\" ><\/div><div id=\"wpforms-3867-field_9-container\" class=\"wpforms-field wpforms-field-layout\" data-field-id=\"9\"><div class=\"wpforms-field-layout-rows wpforms-field-large\"><div class=\"wpforms-layout-row\"><div class=\"wpforms-layout-column wpforms-layout-column-50\"><div id=\"wpforms-3867-field_14-container\" class=\"wpforms-field wpforms-field-text\" data-field-id=\"14\"><label class=\"wpforms-field-label\" for=\"wpforms-3867-field_14\">Trenutna pozicija i zaposlenje<\/label><input type=\"text\" id=\"wpforms-3867-field_14\" class=\"wpforms-field-medium\" name=\"wpforms[fields][14]\" aria-errormessage=\"wpforms-3867-field_14-error\" ><\/div><\/div><div class=\"wpforms-layout-column wpforms-layout-column-50\"><div id=\"wpforms-3867-field_15-container\" class=\"wpforms-field wpforms-field-text\" data-field-id=\"15\"><label class=\"wpforms-field-label\" for=\"wpforms-3867-field_15\">Godina diplomiranja<\/label><input type=\"text\" id=\"wpforms-3867-field_15\" class=\"wpforms-field-medium\" name=\"wpforms[fields][15]\" aria-errormessage=\"wpforms-3867-field_15-error\" ><\/div><\/div><\/div><\/div><\/div><div id=\"wpforms-3867-field_3-container\" class=\"wpforms-field wpforms-field-textarea\" data-field-id=\"3\"><label class=\"wpforms-field-label\" for=\"wpforms-3867-field_3\">Dodatni komentari<\/label><textarea id=\"wpforms-3867-field_3\" class=\"wpforms-field-medium\" name=\"wpforms[fields][3]\" aria-errormessage=\"wpforms-3867-field_3-error\" ><\/textarea><\/div><\/div><!-- .wpforms-field-container --><div class=\"wpforms-submit-container\" ><input type=\"hidden\" name=\"wpforms[id]\" value=\"3867\"><input type=\"hidden\" name=\"page_title\" value=\"\"><input type=\"hidden\" name=\"page_url\" value=\"https:\/\/alumnipf.me\/en\/wp-json\/wp\/v2\/pages\/3876\"><button type=\"submit\" name=\"wpforms[submit]\" id=\"wpforms-submit-3867\" class=\"wpforms-submit\" data-alt-text=\"Sending...\" data-submit-text=\"Submit\" aria-live=\"assertive\" value=\"wpforms-submit\">Submit<\/button><img decoding=\"async\" src=\"https:\/\/alumnipf.me\/wp-content\/plugins\/wpforms-3\/assets\/images\/submit-spin.svg\" class=\"wpforms-submit-spinner\" style=\"display: none;\" width=\"26\" height=\"26\" alt=\"Loading\"><\/div><\/form><\/div>  <!-- .wpforms-container -->\t\t\t\t<\/div>\n\t\t\t\t<\/div>\n\t\t\t\t\t<\/div>\n\t\t<\/div>\n\t\t\t\t\t<\/div>\n\t\t<\/section>\n\t\t\t\t<\/div>\n\t\t","protected":false},"excerpt":{"rendered":"<p>Ukoliko \u017eelite da se registrujete kao alumni \u010dlan na\u0161e organizacije, ispunite formu ispod. Please enable JavaScript in your browser to<\/p>","protected":false},"author":1,"featured_media":0,"parent":0,"menu_order":0,"comment_status":"closed","ping_status":"closed","template":"","meta":{"footnotes":""},"class_list":["post-3876","page","type-page","status-publish","hentry"],"_links":{"self":[{"href":"https:\/\/alumnipf.me\/en\/wp-json\/wp\/v2\/pages\/3876","targetHints":{"allow":["GET"]}}],"collection":[{"href":"https:\/\/alumnipf.me\/en\/wp-json\/wp\/v2\/pages"}],"about":[{"href":"https:\/\/alumnipf.me\/en\/wp-json\/wp\/v2\/types\/page"}],"author":[{"embeddable":true,"href":"https:\/\/alumnipf.me\/en\/wp-json\/wp\/v2\/users\/1"}],"replies":[{"embeddable":true,"href":"https:\/\/alumnipf.me\/en\/wp-json\/wp\/v2\/comments?post=3876"}],"version-history":[{"count":10,"href":"https:\/\/alumnipf.me\/en\/wp-json\/wp\/v2\/pages\/3876\/revisions"}],"predecessor-version":[{"id":3945,"href":"https:\/\/alumnipf.me\/en\/wp-json\/wp\/v2\/pages\/3876\/revisions\/3945"}],"wp:attachment":[{"href":"https:\/\/alumnipf.me\/en\/wp-json\/wp\/v2\/media?parent=3876"}],"curies":[{"name":"wp","href":"https:\/\/api.w.org\/{rel}","templated":true}]}}